{"id":241,"date":"2021-03-12T19:27:40","date_gmt":"2021-03-12T19:27:40","guid":{"rendered":"https:\/\/johnsrudgard.no\/wp\/?page_id=241"},"modified":"2025-05-27T06:55:44","modified_gmt":"2025-05-27T06:55:44","slug":"__trashed","status":"publish","type":"page","link":"https:\/\/johnsrudgard.no\/wp\/__trashed\/","title":{"rendered":"Garn &#8211; UTSOLGT"},"content":{"rendered":"\n<p class=\"has-medium-font-size\">Vi selger garn fra g\u00e5rdens egne alpakka. Nydelig garn i ulike varianter, akkurat som dyrene.<\/p>\n\n\n\n<p>Hvitt og brunt garn kommer i 50 g bunter, 2 eller 3 tr\u00e5dsgarn. Pris pr bunt kr 100,-<\/p>\n\n\n\n<p>Sort\/brunt garn i 100 g hesper, 2 eller 3 tr\u00e5der. Pris pr bunt kr 200,-<\/p>\n\n\n\n<figure class=\"wp-block-gallery has-nested-images columns-4 is-cropped wp-block-gallery-1 is-layout-flex wp-block-gallery-is-layout-flex\">\n<figure class=\"wp-block-image size-large\"><img loading=\"lazy\" decoding=\"async\" width=\"870\" height=\"1024\" data-id=\"255\" src=\"https:\/\/johnsrudgard.no\/wp\/wp-content\/uploads\/2021\/03\/IMG_20210311_132652-scaled-e1615577621168-870x1024.jpg\" alt=\"\" class=\"wp-image-255\" srcset=\"https:\/\/johnsrudgard.no\/wp\/wp-content\/uploads\/2021\/03\/IMG_20210311_132652-scaled-e1615577621168-870x1024.jpg 870w, https:\/\/johnsrudgard.no\/wp\/wp-content\/uploads\/2021\/03\/IMG_20210311_132652-scaled-e1615577621168-255x300.jpg 255w, https:\/\/johnsrudgard.no\/wp\/wp-content\/uploads\/2021\/03\/IMG_20210311_132652-scaled-e1615577621168-768x904.jpg 768w, https:\/\/johnsrudgard.no\/wp\/wp-content\/uploads\/2021\/03\/IMG_20210311_132652-scaled-e1615577621168-1305x1536.jpg 1305w, https:\/\/johnsrudgard.no\/wp\/wp-content\/uploads\/2021\/03\/IMG_20210311_132652-scaled-e1615577621168-1741x2048.jpg 1741w, https:\/\/johnsrudgard.no\/wp\/wp-content\/uploads\/2021\/03\/IMG_20210311_132652-scaled-e1615577621168.jpg 1920w\" sizes=\"auto, (max-width: 870px) 100vw, 870px\" \/><figcaption class=\"wp-element-caption\">Erling Mentos, 3 tr\u00e5ders<\/figcaption><\/figure>\n\n\n\n<figure class=\"wp-block-image size-large\"><img loading=\"lazy\" decoding=\"async\" width=\"1024\" height=\"1016\" data-id=\"243\" src=\"https:\/\/johnsrudgard.no\/wp\/wp-content\/uploads\/2021\/03\/IMG_20210311_132500-scaled-e1615578019366-1024x1016.jpg\" alt=\"\" class=\"wp-image-243\" srcset=\"https:\/\/johnsrudgard.no\/wp\/wp-content\/uploads\/2021\/03\/IMG_20210311_132500-scaled-e1615578019366-1024x1016.jpg 1024w, https:\/\/johnsrudgard.no\/wp\/wp-content\/uploads\/2021\/03\/IMG_20210311_132500-scaled-e1615578019366-300x298.jpg 300w, https:\/\/johnsrudgard.no\/wp\/wp-content\/uploads\/2021\/03\/IMG_20210311_132500-scaled-e1615578019366-150x150.jpg 150w, https:\/\/johnsrudgard.no\/wp\/wp-content\/uploads\/2021\/03\/IMG_20210311_132500-scaled-e1615578019366-768x762.jpg 768w, https:\/\/johnsrudgard.no\/wp\/wp-content\/uploads\/2021\/03\/IMG_20210311_132500-scaled-e1615578019366-1536x1523.jpg 1536w, https:\/\/johnsrudgard.no\/wp\/wp-content\/uploads\/2021\/03\/IMG_20210311_132500-scaled-e1615578019366.jpg 1817w\" sizes=\"auto, (max-width: 1024px) 100vw, 1024px\" \/><figcaption class=\"wp-element-caption\">Erling Mentos, 2 tr\u00e5ders<\/figcaption><\/figure>\n\n\n\n<figure class=\"wp-block-image size-large\"><img loading=\"lazy\" decoding=\"async\" width=\"948\" height=\"1024\" data-id=\"254\" src=\"https:\/\/johnsrudgard.no\/wp\/wp-content\/uploads\/2021\/03\/IMG_20210311_132833-scaled-e1615576874479-948x1024.jpg\" alt=\"\" class=\"wp-image-254\"\/><figcaption class=\"wp-element-caption\">Rune Ronaldo, 2 tr\u00e5ders<\/figcaption><\/figure>\n\n\n\n<figure class=\"wp-block-image size-large\"><img loading=\"lazy\" decoding=\"async\" width=\"972\" height=\"1024\" data-id=\"251\" src=\"https:\/\/johnsrudgard.no\/wp\/wp-content\/uploads\/2021\/03\/IMG_20210311_132747-scaled-e1615576959337-972x1024.jpg\" alt=\"\" class=\"wp-image-251\"\/><figcaption class=\"wp-element-caption\">Rune Ronaldo, 3 tr\u00e5ders<\/figcaption><\/figure>\n<\/figure>\n\n\n\n<ol class=\"wp-block-list\">\n<li>Erling Mentos: Fluffy fiber. Lite b\u00f8ss. En del grov og kort fiber som kunne v\u00e6rt renset ut. Noen hvite fiber innblandet. Forholdsvis kort, ingen crimp. \u00c5pen og god \u00e5 jobbe med. 3 tr\u00e5ders 85 m pr 50 g n\u00f8ste. Pris pr bunt kr 100.<\/li>\n\n\n\n<li>Erling Mentos: Fluffy fiber. Lite b\u00f8ss. En del grov og kort fiber som kunne v\u00e6rt renset ut. Hvite fiber innblandet. Forholdsvis kort, ingen crimp. \u00c5pen fiber. God og rask \u00e5 jobbe med. 2 tr\u00e5ders 90 m pr 50 g n\u00f8ste. Pris pr bunt kr 100.<\/li>\n\n\n\n<li>Rune Ronaldo: Lite b\u00f8ss. Stor variasjon i micron og lengde. Delvis fin fiber, men noe stiv. 2 tr\u00e5ders 110 m pr 50 g n\u00f8ste. Pris pr bunt kr 100.<\/li>\n\n\n\n<li>Rune Ronaldo: Lite b\u00f8ss. Stor variasjon i micron og lengde. Lik lengde er viktig for et godt resultat p\u00e5 spinnemaskinen. Halvfin fiber, men noe stiv. 3 tr\u00e5ders 95 m pr 50 g n\u00f8ste. Pris pr bunt kr 100.<\/li>\n<\/ol>\n\n\n\n<figure class=\"wp-block-gallery has-nested-images columns-2 is-cropped wp-block-gallery-2 is-layout-flex wp-block-gallery-is-layout-flex\">\n<figure class=\"wp-block-image size-large\"><img loading=\"lazy\" decoding=\"async\" width=\"1024\" height=\"768\" data-id=\"250\" src=\"https:\/\/johnsrudgard.no\/wp\/wp-content\/uploads\/2021\/03\/IMG_20210311_133313-1024x768.jpg\" alt=\"\" class=\"wp-image-250\" srcset=\"https:\/\/johnsrudgard.no\/wp\/wp-content\/uploads\/2021\/03\/IMG_20210311_133313-1024x768.jpg 1024w, https:\/\/johnsrudgard.no\/wp\/wp-content\/uploads\/2021\/03\/IMG_20210311_133313-300x225.jpg 300w, https:\/\/johnsrudgard.no\/wp\/wp-content\/uploads\/2021\/03\/IMG_20210311_133313-768x576.jpg 768w, https:\/\/johnsrudgard.no\/wp\/wp-content\/uploads\/2021\/03\/IMG_20210311_133313-1536x1152.jpg 1536w, https:\/\/johnsrudgard.no\/wp\/wp-content\/uploads\/2021\/03\/IMG_20210311_133313-2048x1536.jpg 2048w\" sizes=\"auto, (max-width: 1024px) 100vw, 1024px\" \/><figcaption class=\"wp-element-caption\">Black Jet, 2 tr\u00e5ders<\/figcaption><\/figure>\n\n\n\n<figure class=\"wp-block-image size-large\"><img loading=\"lazy\" decoding=\"async\" width=\"1024\" height=\"768\" data-id=\"247\" src=\"https:\/\/johnsrudgard.no\/wp\/wp-content\/uploads\/2021\/03\/IMG_20210311_133118-scaled-e1615576719711-1024x768.jpg\" alt=\"\" class=\"wp-image-247\" srcset=\"https:\/\/johnsrudgard.no\/wp\/wp-content\/uploads\/2021\/03\/IMG_20210311_133118-scaled-e1615576719711-1024x768.jpg 1024w, https:\/\/johnsrudgard.no\/wp\/wp-content\/uploads\/2021\/03\/IMG_20210311_133118-scaled-e1615576719711-300x225.jpg 300w, https:\/\/johnsrudgard.no\/wp\/wp-content\/uploads\/2021\/03\/IMG_20210311_133118-scaled-e1615576719711-768x576.jpg 768w, https:\/\/johnsrudgard.no\/wp\/wp-content\/uploads\/2021\/03\/IMG_20210311_133118-scaled-e1615576719711-1536x1152.jpg 1536w, https:\/\/johnsrudgard.no\/wp\/wp-content\/uploads\/2021\/03\/IMG_20210311_133118-scaled-e1615576719711-2048x1536.jpg 2048w\" sizes=\"auto, (max-width: 1024px) 100vw, 1024px\" \/><figcaption class=\"wp-element-caption\">Black Jet, 3 tr\u00e5ders<\/figcaption><\/figure>\n\n\n\n<figure class=\"wp-block-image size-large\"><img loading=\"lazy\" decoding=\"async\" width=\"1024\" height=\"768\" data-id=\"249\" src=\"https:\/\/johnsrudgard.no\/wp\/wp-content\/uploads\/2021\/03\/IMG_20210311_133339-1024x768.jpg\" alt=\"\" class=\"wp-image-249\"\/><figcaption class=\"wp-element-caption\">Black Jet, 2 tr\u00e5ders<\/figcaption><\/figure>\n\n\n\n<figure class=\"wp-block-image size-large\"><img loading=\"lazy\" decoding=\"async\" width=\"1024\" height=\"768\" data-id=\"246\" src=\"https:\/\/johnsrudgard.no\/wp\/wp-content\/uploads\/2021\/03\/IMG_20210311_133229-1024x768.jpg\" alt=\"\" class=\"wp-image-246\" srcset=\"https:\/\/johnsrudgard.no\/wp\/wp-content\/uploads\/2021\/03\/IMG_20210311_133229-1024x768.jpg 1024w, https:\/\/johnsrudgard.no\/wp\/wp-content\/uploads\/2021\/03\/IMG_20210311_133229-300x225.jpg 300w, https:\/\/johnsrudgard.no\/wp\/wp-content\/uploads\/2021\/03\/IMG_20210311_133229-768x576.jpg 768w, https:\/\/johnsrudgard.no\/wp\/wp-content\/uploads\/2021\/03\/IMG_20210311_133229-1536x1152.jpg 1536w, https:\/\/johnsrudgard.no\/wp\/wp-content\/uploads\/2021\/03\/IMG_20210311_133229-2048x1536.jpg 2048w\" sizes=\"auto, (max-width: 1024px) 100vw, 1024px\" \/><figcaption class=\"wp-element-caption\">Black Jet, 3 tr\u00e5ders<\/figcaption><\/figure>\n<\/figure>\n\n\n\n<ol class=\"wp-block-list\">\n<li>Black Jet, 2 tr\u00e5ders: Noe h\u00f8yb\u00f8ss i fiberen. Forholdsvis grovt og kr\u00f8llete. Fin glans. Stor variasjon i lengde, derfor litt ujevnt garn. 210 m pr 100 g hespe. Pris pr bunt kr 200.<\/li>\n\n\n\n<li>Black Jet, 3 tr\u00e5ders: Noe h\u00f8yb\u00f8ss i fiberen. Forholdsvis grov og kr\u00f8llete. Fin glans. Stor variasjon i lengde, derfor litt ujevnt garn (+\/- 1 cm i lengde g\u00e5r, mer enn dette gir ofte ujevnt garn). 175 m pr 100 g hespe. Pris pr bunt kr 200.<\/li>\n<\/ol>\n\n\n\n<p><\/p>\n","protected":false},"excerpt":{"rendered":"<p>Vi selger garn fra g\u00e5rdens egne alpakka. Nydelig garn i ulike varianter, akkurat som dyrene. Hvitt og brunt garn kommer i 50 g bunter, 2 eller 3 tr\u00e5dsgarn. Pris pr bunt kr 100,- Sort\/brunt garn i 100 g hesper, 2<\/p>\n","protected":false},"author":1,"featured_media":0,"parent":0,"menu_order":0,"comment_status":"closed","ping_status":"closed","template":"","meta":{"footnotes":""},"class_list":["post-241","page","type-page","status-publish","hentry"],"_links":{"self":[{"href":"https:\/\/johnsrudgard.no\/wp\/wp-json\/wp\/v2\/pages\/241","targetHints":{"allow":["GET"]}}],"collection":[{"href":"https:\/\/johnsrudgard.no\/wp\/wp-json\/wp\/v2\/pages"}],"about":[{"href":"https:\/\/johnsrudgard.no\/wp\/wp-json\/wp\/v2\/types\/page"}],"author":[{"embeddable":true,"href":"https:\/\/johnsrudgard.no\/wp\/wp-json\/wp\/v2\/users\/1"}],"replies":[{"embeddable":true,"href":"https:\/\/johnsrudgard.no\/wp\/wp-json\/wp\/v2\/comments?post=241"}],"version-history":[{"count":21,"href":"https:\/\/johnsrudgard.no\/wp\/wp-json\/wp\/v2\/pages\/241\/revisions"}],"predecessor-version":[{"id":324,"href":"https:\/\/johnsrudgard.no\/wp\/wp-json\/wp\/v2\/pages\/241\/revisions\/324"}],"wp:attachment":[{"href":"https:\/\/johnsrudgard.no\/wp\/wp-json\/wp\/v2\/media?parent=241"}],"curies":[{"name":"wp","href":"https:\/\/api.w.org\/{rel}","templated":true}]}}